{"id":810,"date":"2022-09-08T18:18:46","date_gmt":"2022-09-08T18:18:46","guid":{"rendered":"https:\/\/web.tarleton.edu\/purchasing\/?page_id=810"},"modified":"2026-02-11T15:49:33","modified_gmt":"2026-02-11T15:49:33","slug":"tarletons-hub-initiative","status":"publish","type":"page","link":"https:\/\/www.tarleton.edu\/purchasing\/tarletons-hub-initiative\/","title":{"rendered":"Tarleton&#8217;s VetHUB Initiative"},"content":{"rendered":"\n<h2 class=\"wp-block-heading\">About<\/h2>\n\n\n\n<p>VetHUB is Veteran Heroes United in Business. The program will focus on certification of service-disabled veterans (SDV) to facilitate their growth and development and increase HUB contracts and subcontracts with the state of Texas.<\/p>\n\n\n\n<ul class=\"wp-block-list\">\n<li><a href=\"http:\/\/www.statutes.legis.state.tx.us\/Docs\/GV\/htm\/GV.2161.htm\" target=\"_blank\" rel=\"noreferrer noopener\">State of Texas Administrative Code<\/a><\/li>\n\n\n\n<li><a href=\"https:\/\/comptroller.texas.gov\/purchasing\/vendor\/hub\/\" target=\"_blank\" rel=\"noreferrer noopener\">Veteran Heroes United in Business<\/a><\/li>\n<\/ul>\n\n\n\n<h2 class=\"wp-block-heading\">VetHUB Subcontracting Plan<\/h2>\n\n\n\n<p>The policy for Tarleton State university to achieve the annual VetHUB program goals in accordance with the applicable Texas Government Codes by contracting directly with VetHUBs or indirectly through VetHUB subcontracting plans (HSP). Tarleton State University carefully examines state contracts with expected values of $100,000.00 or more for subcontracting opportunities. If an opportunity is found, each bidding vendor must submit a VetHUB subcontracting plan for potential use of certified VetHUBS.<\/p>\n\n\n\n<h2 class=\"wp-block-heading\">Mentor Prot\u00e9g\u00e9 Program<\/h2>\n\n\n\n<p>Tarleton State University is committed to provide direction with developing companies to connect with more experienced businesses through our Mentor Prot\u00e9g\u00e9 program. The mentor prot\u00e9g\u00e9 relationship is equally beneficial since mentors can use prot\u00e9g\u00e9s to fulfill VetHUB subcontracting requirements when bidding on state contracts with expected values over $100,000.00 or more.\u00a0<a href=\"https:\/\/www.comptroller.texas.gov\/purchasing\/vendor\/hub\/mentor.php\" target=\"_blank\" rel=\"noreferrer noopener\">Read more about this program on the Texas Comptroller&#8217;s website.<\/a><\/p>\n","protected":false},"excerpt":{"rendered":"<p>About VetHUB is Veteran Heroes United in Business. The program will focus on certification of service-disabled veterans (SDV) to facilitate their growth and development and increase HUB contracts and subcontracts &#8230;<\/p>\n","protected":false},"author":28,"featured_media":580,"parent":0,"menu_order":0,"comment_status":"closed","ping_status":"closed","template":"template-fullwidth.php","meta":{"_acf_changed":false,"inline_featured_image":false,"advgb_blocks_editor_width":"","advgb_blocks_columns_visual_guide":"","footnotes":""},"class_list":["post-810","page","type-page","status-publish","has-post-thumbnail","hentry"],"acf":[],"coauthors":[],"author_meta":{"author_link":"https:\/\/www.tarleton.edu\/purchasing\/author\/","display_name":""},"relative_dates":{"created":"Posted 4 years ago","modified":"Updated 2 months ago"},"absolute_dates":{"created":"Posted on September 8, 2022","modified":"Updated on February 11, 2026"},"absolute_dates_time":{"created":"Posted on September 8, 2022 6:18 pm","modified":"Updated on February 11, 2026 3:49 pm"},"featured_img_caption":"","featured_img":false,"series_order":"","_links":{"self":[{"href":"https:\/\/www.tarleton.edu\/purchasing\/wp-json\/wp\/v2\/pages\/810","targetHints":{"allow":["GET"]}}],"collection":[{"href":"https:\/\/www.tarleton.edu\/purchasing\/wp-json\/wp\/v2\/pages"}],"about":[{"href":"https:\/\/www.tarleton.edu\/purchasing\/wp-json\/wp\/v2\/types\/page"}],"author":[{"embeddable":true,"href":"https:\/\/www.tarleton.edu\/purchasing\/wp-json\/wp\/v2\/users\/28"}],"replies":[{"embeddable":true,"href":"https:\/\/www.tarleton.edu\/purchasing\/wp-json\/wp\/v2\/comments?post=810"}],"version-history":[{"count":1,"href":"https:\/\/www.tarleton.edu\/purchasing\/wp-json\/wp\/v2\/pages\/810\/revisions"}],"predecessor-version":[{"id":4965,"href":"https:\/\/www.tarleton.edu\/purchasing\/wp-json\/wp\/v2\/pages\/810\/revisions\/4965"}],"wp:featuredmedia":[{"embeddable":true,"href":"https:\/\/www.tarleton.edu\/purchasing\/wp-json\/"}],"wp:attachment":[{"href":"https:\/\/www.tarleton.edu\/purchasing\/wp-json\/wp\/v2\/media?parent=810"}],"curies":[{"name":"wp","href":"https:\/\/api.w.org\/{rel}","templated":true}]}}