{"id":953,"date":"2022-08-26T21:54:49","date_gmt":"2022-08-26T21:54:49","guid":{"rendered":"https:\/\/web.tarleton.edu\/glsp\/?page_id=953&#038;preview_id=953"},"modified":"2022-10-04T21:29:32","modified_gmt":"2022-10-04T21:29:32","slug":"faculty-pages-cogley","status":"publish","type":"page","link":"https:\/\/www.tarleton.edu\/glsp\/faculty-pages-cogley\/","title":{"rendered":"Dr. Nathaniel Cogley"},"content":{"rendered":"\n<div class=\"wp-block-media-text alignwide is-stacked-on-mobile\" style=\"grid-template-columns:30% auto\"><figure class=\"wp-block-media-text__media\"><img loading=\"lazy\" decoding=\"async\" width=\"640\" height=\"960\" src=\"https:\/\/www.tarleton.edu\/glsp\/wp-content\/uploads\/sites\/250\/2022\/08\/nathaniel-cogley.jpg\" alt=\"Man in a suit with a Tarleton State University pin, smiling against a purple background.\" class=\"wp-image-800 size-full\" srcset=\"https:\/\/www.tarleton.edu\/glsp\/wp-content\/uploads\/sites\/250\/2022\/08\/nathaniel-cogley.jpg 640w, https:\/\/www.tarleton.edu\/glsp\/wp-content\/uploads\/sites\/250\/2022\/08\/nathaniel-cogley-200x300.jpg 200w, https:\/\/www.tarleton.edu\/glsp\/wp-content\/uploads\/sites\/250\/2022\/08\/nathaniel-cogley-267x400.jpg 267w\" sizes=\"auto, (max-width: 640px) 100vw, 640px\" \/><\/figure><div class=\"wp-block-media-text__content\">\n<p>Associate Professor<\/p>\n\n\n\n<p>Email:&nbsp;<a href=\"mailto:cogley@tarleton.edu\">cogley@tarleton.edu<\/a><\/p>\n\n\n\n<p>Phone:&nbsp;<a href=\"tel:+12549689631\">254-968-9631<\/a><\/p>\n\n\n\n<div style=\"height:20px\" aria-hidden=\"true\" class=\"wp-block-spacer\"><\/div>\n\n\n\n<div class=\"wp-block-advgb-button alignnone is-style-squared\"><a class=\"wp-block-advgb-button_link advgbbtn-8e763d64-b908-46dd-a0af-2515355750c0\" href=\"https:\/\/www.tarleton.edu\/glsp\/wp-content\/uploads\/sites\/250\/2022\/08\/Cogley-CV-2020B.pdf\" target=\"_self\" rel=\"noopener noreferrer\"><span>Curriculum Vitae<\/span><\/a><\/div>\n<\/div><\/div>\n\n\n\n<div style=\"height:20px\" aria-hidden=\"true\" class=\"wp-block-spacer\"><\/div>\n\n\n\n<div class=\"wp-block-advgb-accordions advgb-accordion-wrapper\" data-collapsed=\"true\">\n<div class=\"wp-block-advgb-accordion-item advgb-accordion-item\" style=\"margin-bottom:15px\"><div class=\"advgb-accordion-header\" style=\"background-color:#4f2d7f;color:#eee;border-style:solid;border-width:1px;border-radius:2px\"><span class=\"advgb-accordion-header-icon\"><svg fill=\"#fff\" xmlns=\"http:\/\/www.w3.org\/2000\/svg\" width=\"24\" height=\"24\" viewBox=\"0 0 24 24\"><path fill=\"none\" d=\"M0,0h24v24H0V0z\"><\/path><path d=\"M13,7h-2v4H7v2h4v4h2v-4h4v-2h-4V7z M12,2C6.48,2,2,6.48,2,12s4.48,10,10,10s10-4.48,10-10S17.52,2,12,2z M12,20 c-4.41,0-8-3.59-8-8s3.59-8,8-8s8,3.59,8,8S16.41,20,12,20z\"><\/path><\/svg><\/span><h4 class=\"advgb-accordion-header-title\" style=\"color:inherit\">Courses Taught<\/h4><\/div><div class=\"advgb-accordion-body\" style=\"border-style:solid !important;border-width:1px !important;border-color:undefined !important;border-top:none !important;border-radius:2px !important\">\n<ul class=\"wp-block-list\"><li>Government 2305: Federal Government<\/li><li>Political Science 3308: International Politics<\/li><li>Political Science 3316: Political Science Research Methods<\/li><li>Political Science 4313: East and South Asian Politics<\/li><li>Political Science 4314: African Politics<\/li><li>Political Science 4390: Political Science Capstone<\/li><li>International Studies 4390: International Studies Capstone<\/li><li>Advanced Research Methods<\/li><li>Presidential Behavior<\/li><\/ul>\n<\/div><\/div>\n\n\n\n<div class=\"wp-block-advgb-accordion-item advgb-accordion-item\" style=\"margin-bottom:15px\"><div class=\"advgb-accordion-header\" style=\"background-color:#4f2d7f;color:#eee;border-style:solid;border-width:1px;border-radius:2px\"><span class=\"advgb-accordion-header-icon\"><svg fill=\"#fff\" xmlns=\"http:\/\/www.w3.org\/2000\/svg\" width=\"24\" height=\"24\" viewBox=\"0 0 24 24\"><path fill=\"none\" d=\"M0,0h24v24H0V0z\"><\/path><path d=\"M13,7h-2v4H7v2h4v4h2v-4h4v-2h-4V7z M12,2C6.48,2,2,6.48,2,12s4.48,10,10,10s10-4.48,10-10S17.52,2,12,2z M12,20 c-4.41,0-8-3.59-8-8s3.59-8,8-8s8,3.59,8,8S16.41,20,12,20z\"><\/path><\/svg><\/span><h4 class=\"advgb-accordion-header-title\" style=\"color:inherit\">Publications<\/h4><\/div><div class=\"advgb-accordion-body\" style=\"border-style:solid !important;border-width:1px !important;border-color:undefined !important;border-top:none !important;border-radius:2px !important\">\n<h4 class=\"wp-block-heading\">Research<\/h4>\n\n\n\n<ul class=\"wp-block-list\"><li>Cogley, Nathaniel Terence. \u201cWith its dubious finding on impoundment, GAO passed the buck.\u201d Washington Examiner. January 17th, 2020<\/li><li>Cogley, Nathaniel Terence. \u201cTo justify impeachment, Democrats are spinning the law on impoundment.\u201d Washington Examiner. December 9th, 2019<\/li><li>Cogley, Nathaniel Terence. \u201cThe 1974 law that makes this impeachment especially dubious.\u201d Washington Examiner. November 21st, 2019<\/li><li>Cogley, Nathaniel T, John A. Doces, and Beth E. Whitaker. 2019. \u201cWhich immigrants should be naturalized? Which should be deported? Evidence from a survey experiment in C\u00f4te d&#8217;Ivoire.\u201d Political Research Quarterly 72(3): 653-668.<\/li><li>Cogley, Nathaniel Terence. \u201cNon-Machiavellian Careers and the Social Esteem Motive: Qualitative Insights from Africa.\u201d [In progress\u2014Full Draft Available\u2014Presented at the 2019 Southern Political Science Association Annual Conference in Austin, TX]<\/li><li>Cogley, Nathaniel T. and John A. Doces. In progress. \u201cVoter Support for Elite Politics in Africa? Evidence from Survey Experiments in C\u00f4te d&#8217;Ivoire and Uganda.\u201d [In progress\u2014Full Draft Available\u2014Presented at the 2019 Southern Political Science Association Annual Conference in<br>Austin, TX]<\/li><li>Cogley, Nathaniel T. and John A. Doces. &#8220;African preferences during the 2016 U.S. presidential election: evidence from a survey experiment in C\u00f4te d&#8217;Ivoire and S\u00e9n\u00e9gal.&#8221; [In progress\u2014Full Draft Available\u2014Presented at the 2018 Southern Political Science Association Annual Conference in New Orleans, LA]<\/li><li>Cogley, Nathaniel Terence. 2013. The Logic of Political Cessation: Social Esteem and Executive Tenure in Africa (Doctoral Dissertation). Order No. 3572015, Yale University. http:\/\/search.proquest.com\/docview\/1433384952 [includes interviews with ten current and former African heads of government].<\/li><\/ul>\n\n\n\n<h4 class=\"wp-block-heading\">Documentary Films<\/h4>\n\n\n\n<ul class=\"wp-block-list\"><li>Cogley, Nathaniel. Exiting Power in Africa (working title) (documentary film). (in progress\u2014includes interviews with ten current and former African Heads of State)<\/li><li>Cogley, Nathaniel. 2009. Dakar to Port Loko: Perspectives from West Africa (documentary film). Berkeley Media LLC. http:\/\/www.berkeleymedia.com\/films\/dakar_to_port_loko_perspectives_from_west_africa<\/li><\/ul>\n<\/div><\/div>\n\n\n\n<div class=\"wp-block-advgb-accordion-item advgb-accordion-item\" style=\"margin-bottom:15px\"><div class=\"advgb-accordion-header\" style=\"background-color:#4f2d7f;color:#eee;border-style:solid;border-width:1px;border-radius:2px\"><span class=\"advgb-accordion-header-icon\"><svg fill=\"#fff\" xmlns=\"http:\/\/www.w3.org\/2000\/svg\" width=\"24\" height=\"24\" viewBox=\"0 0 24 24\"><path fill=\"none\" d=\"M0,0h24v24H0V0z\"><\/path><path d=\"M13,7h-2v4H7v2h4v4h2v-4h4v-2h-4V7z M12,2C6.48,2,2,6.48,2,12s4.48,10,10,10s10-4.48,10-10S17.52,2,12,2z M12,20 c-4.41,0-8-3.59-8-8s3.59-8,8-8s8,3.59,8,8S16.41,20,12,20z\"><\/path><\/svg><\/span><h4 class=\"advgb-accordion-header-title\" style=\"color:inherit\">Scholarly Activities<\/h4><\/div><div class=\"advgb-accordion-body\" style=\"border-style:solid !important;border-width:1px !important;border-color:undefined !important;border-top:none !important;border-radius:2px !important\">\n<h4 class=\"wp-block-heading\">Non-Conference Presentations<\/h4>\n\n\n\n<ul class=\"wp-block-list\"><li>\u201cSelecting the President of the USA: Design, Function, and 2020,\u201d Stephenville Optimist Club, January 22nd, 2020<\/li><li>Constitution Day guest speaker, debate with Dr. Howard concerning the electoral college, September 17th, 2019<\/li><li>&#8220;Politics in Southern Africa,&#8221; Guest Lecture for Dr. Heather Mathewson\u2019s African Ecology course, May 20th, 2019<\/li><li>\u201cThe Supreme Court Selection Process: Design vs. Function,\u201d Debate with Dr. Charles Howard and Dr. Craig Clifford, Honor\u2019s College, TSU, February 13th, 2019 \u201c2018 Midterm Election Analysis,\u201d guest presenter for the Honor\u2019s College, TSU, November 8th, 2018<\/li><li>&#8220;Federalism: Past, Present, and Future,&#8221; Guest Presentation to the Cross Timbers Republican Women Club, April 19th, 2018<\/li><li>&#8220;Politics in Southern Africa,&#8221; Guest Lecture for Dr. Thomas Schwertner&#8217;s African Ecology course, May 22nd, 2017<\/li><li>&#8220;Nationalism versus Federalism,&#8221; Presentation to the Optimist Club of Stephenville, TX, April 19th, 2017<\/li><li>&#8220;Comparative Politics and Africa,&#8221; Guest Lecture for Dr. Madhavi Devasher&#8217;s Comparative Politics course, University of New Hampshire, April 12th, 2017<\/li><li>&#8220;Support for Naturalization or Deportation in Cote d&#8217;Ivoire,&#8221; Social Science colloquium, Tarleton State University, November 14th, 2016<\/li><li>&#8220;Attitudes about Immigration in Cote d&#8217;Ivoire,&#8221; Faculty Research Forum, Tarleton State University, October 27th, 2016<\/li><li>&#8220;Non-Machiavellian Careers,&#8221; Faculty Research Forum, Honors College, Tarleton State University, October 4th, 2016<\/li><li>&#8220;Different Methods for Different Questions,&#8221; Guest Lecture for Dr. Eric Morrow&#8217;s Political Science Capstone course, September 28th, 2016<\/li><li>&#8220;Experiences in Africa,&#8221; Presentation to the Rotary Club of Stephenville, TX, April 14th, 2016<\/li><li>&#8220;Experiences in Africa,&#8221; Presentation to the Optimist Club of Stephenville, TX, March 30th, 2016<\/li><li>International Women&#8217;s Day Guest Speaker, IUGB, 8 March 2015<\/li><li>Dakar to Port Loko: Perspectives from West Africa, Special Film Screening Event (plus Q and A with filmmaker)<br>\u2014 Tarleton State University, November 15th, 2018<br>\u2014Tarleton State University, March 28th, 2016<br>\u2014 University of St. Thomas (Minnesota), November 16th, 2011<br>\u2014 University of Cheikh anta Diop, December 9th, 2009<br>\u2014 Sierra College (Nevada County Campus), May 8th, 2009<br>\u2014 Columbia University, April 29th, 2009<br>\u2014 Massachusetts Institute of Technology, April 27th, 2009<br>\u2014 San Francisco State University, February 26th, 2009<br>\u2014African Studies Lecture Series, UC Berkeley, February 24th, 2009<br>\u2014World Premiere, Yale University, February 5th, 2009<\/li><\/ul>\n\n\n\n<h4 class=\"wp-block-heading\">Workshop Discussant<\/h4>\n\n\n\n<ul class=\"wp-block-list\"><li>Program on Order, Conflict and Violence, Yale University, 23 March 2012;<\/li><li>Program on Order, Conflict and Violence, Yale University, November 9th, 2011; 3rd Annual<\/li><li>Graduate Student Conference on Order, Conflict and Violence, Harvard-Yale-MIT, April 19th, 2008, Comparative Politics Workshop, Yale University, 2007;<\/li><li>Comparative Politics Workshop, Yale University, 2006.<\/li><\/ul>\n<\/div><\/div>\n\n\n\n<div class=\"wp-block-advgb-accordion-item advgb-accordion-item\" style=\"margin-bottom:15px\"><div class=\"advgb-accordion-header\" style=\"background-color:#4f2d7f;color:#eee;border-style:solid;border-width:1px;border-radius:2px\"><span class=\"advgb-accordion-header-icon\"><svg fill=\"#fff\" xmlns=\"http:\/\/www.w3.org\/2000\/svg\" width=\"24\" height=\"24\" viewBox=\"0 0 24 24\"><path fill=\"none\" d=\"M0,0h24v24H0V0z\"><\/path><path d=\"M13,7h-2v4H7v2h4v4h2v-4h4v-2h-4V7z M12,2C6.48,2,2,6.48,2,12s4.48,10,10,10s10-4.48,10-10S17.52,2,12,2z M12,20 c-4.41,0-8-3.59-8-8s3.59-8,8-8s8,3.59,8,8S16.41,20,12,20z\"><\/path><\/svg><\/span><h4 class=\"advgb-accordion-header-title\" style=\"color:inherit\">Professional Affiliations<\/h4><\/div><div class=\"advgb-accordion-body\" style=\"border-style:solid !important;border-width:1px !important;border-color:undefined !important;border-top:none !important;border-radius:2px !important\">\n<h4 class=\"wp-block-heading\">American Political Science Association<\/h4>\n\n\n\n<ul class=\"wp-block-list\"><li>Representation &amp; Electoral Systems<\/li><li>Elections, Public Opinion, &amp; Voting Behavior<br>Presidents &amp; Executive Politics<\/li><li>Migration &amp; Citizenship<br>Foreign Policy<\/li><li>African Politics Conference Group<\/li><\/ul>\n<\/div><\/div>\n\n\n\n<div class=\"wp-block-advgb-accordion-item advgb-accordion-item\" style=\"margin-bottom:15px\"><div class=\"advgb-accordion-header\" style=\"background-color:#4f2d7f;color:#eee;border-style:solid;border-width:1px;border-radius:2px\"><span class=\"advgb-accordion-header-icon\"><svg fill=\"#fff\" xmlns=\"http:\/\/www.w3.org\/2000\/svg\" width=\"24\" height=\"24\" viewBox=\"0 0 24 24\"><path fill=\"none\" d=\"M0,0h24v24H0V0z\"><\/path><path d=\"M13,7h-2v4H7v2h4v4h2v-4h4v-2h-4V7z M12,2C6.48,2,2,6.48,2,12s4.48,10,10,10s10-4.48,10-10S17.52,2,12,2z M12,20 c-4.41,0-8-3.59-8-8s3.59-8,8-8s8,3.59,8,8S16.41,20,12,20z\"><\/path><\/svg><\/span><h4 class=\"advgb-accordion-header-title\" style=\"color:inherit\">Degrees<\/h4><\/div><div class=\"advgb-accordion-body\" style=\"border-style:solid !important;border-width:1px !important;border-color:undefined !important;border-top:none !important;border-radius:2px !important\">\n<ul class=\"wp-block-list\"><li>Ph.D. in political science, Yale University, May 2013 (examination fields: African politics, comparative politics, and international relations)<\/li><li>M.Phil. in political science, Yale University, May 2009<\/li><li>M.A. in political science, Yale University, May 2007<\/li><li>B.A. in international relations (major) and African area studies (minor), San Francisco State University, May 2002 (Magna cum laude, Phi Beta Kappa)<\/li><\/ul>\n<\/div><\/div>\n<\/div>\n<style class=\"advgb-styles-renderer\">.advgbbtn-8e763d64-b908-46dd-a0af-2515355750c0{font-size:18px;color:#fff !important;background-color:#4f2d7f !important;margin:0px 0px 0px 0px !important;padding:10px 30px 10px 30px;border-width:1px !important;border-style:none;border-radius:50px !important;}.advgbbtn-8e763d64-b908-46dd-a0af-2515355750c0:hover{box-shadow:1px 1px 12px 0px #ccc;opacity:1;transition:all 0.2s ease;}.advgbbtn-8e763d64-b908-46dd-a0af-2515355750c0 > i {font-size:30px;color:inherit;float:left;margin-right:7px;}.advgbbtn-8e763d64-b908-46dd-a0af-2515355750c0{font-size:18px;color:#fff !important;background-color:#4f2d7f !important;margin:0px 0px 0px 0px !important;padding:10px 30px 10px 30px;border-width:1px !important;border-style:none;border-radius:50px !important;}.advgbbtn-8e763d64-b908-46dd-a0af-2515355750c0:hover{box-shadow:1px 1px 12px 0px #ccc;opacity:1;transition:all 0.2s ease;}.advgbbtn-8e763d64-b908-46dd-a0af-2515355750c0 > i {font-size:30px;color:inherit;float:left;margin-right:7px;}<\/style>","protected":false},"excerpt":{"rendered":"","protected":false},"author":28,"featured_media":580,"parent":0,"menu_order":0,"comment_status":"closed","ping_status":"closed","template":"template-fullwidth.php","meta":{"_acf_changed":false,"inline_featured_image":false,"advgb_blocks_editor_width":"","advgb_blocks_columns_visual_guide":"","footnotes":""},"class_list":["post-953","page","type-page","status-publish","has-post-thumbnail","hentry"],"acf":[],"coauthors":[],"author_meta":{"author_link":"https:\/\/www.tarleton.edu\/glsp\/author\/","display_name":""},"relative_dates":{"created":"Posted 4 years ago","modified":"Updated 4 years ago"},"absolute_dates":{"created":"Posted on August 26, 2022","modified":"Updated on October 4, 2022"},"absolute_dates_time":{"created":"Posted on August 26, 2022 9:54 pm","modified":"Updated on October 4, 2022 9:29 pm"},"featured_img_caption":"","featured_img":false,"series_order":"","_links":{"self":[{"href":"https:\/\/www.tarleton.edu\/glsp\/wp-json\/wp\/v2\/pages\/953","targetHints":{"allow":["GET"]}}],"collection":[{"href":"https:\/\/www.tarleton.edu\/glsp\/wp-json\/wp\/v2\/pages"}],"about":[{"href":"https:\/\/www.tarleton.edu\/glsp\/wp-json\/wp\/v2\/types\/page"}],"author":[{"embeddable":true,"href":"https:\/\/www.tarleton.edu\/glsp\/wp-json\/wp\/v2\/users\/28"}],"replies":[{"embeddable":true,"href":"https:\/\/www.tarleton.edu\/glsp\/wp-json\/wp\/v2\/comments?post=953"}],"version-history":[{"count":0,"href":"https:\/\/www.tarleton.edu\/glsp\/wp-json\/wp\/v2\/pages\/953\/revisions"}],"wp:featuredmedia":[{"embeddable":true,"href":"https:\/\/www.tarleton.edu\/glsp\/wp-json\/"}],"wp:attachment":[{"href":"https:\/\/www.tarleton.edu\/glsp\/wp-json\/wp\/v2\/media?parent=953"}],"curies":[{"name":"wp","href":"https:\/\/api.w.org\/{rel}","templated":true}]}}