{"id":939,"date":"2022-08-26T21:46:05","date_gmt":"2022-08-26T21:46:05","guid":{"rendered":"https:\/\/web.tarleton.edu\/glsp\/?page_id=939&#038;preview_id=939"},"modified":"2022-10-04T21:31:26","modified_gmt":"2022-10-04T21:31:26","slug":"faculty-pages-forman","status":"publish","type":"page","link":"https:\/\/www.tarleton.edu\/glsp\/faculty-pages-forman\/","title":{"rendered":"Dr. J. Rhett Forman"},"content":{"rendered":"\n<div style=\"height:20px\" aria-hidden=\"true\" class=\"wp-block-spacer\"><\/div>\n\n\n\n<div class=\"wp-block-media-text alignwide is-stacked-on-mobile\" style=\"grid-template-columns:30% auto\"><figure class=\"wp-block-media-text__media\"><img loading=\"lazy\" decoding=\"async\" width=\"700\" height=\"875\" src=\"https:\/\/www.tarleton.edu\/glsp\/wp-content\/uploads\/sites\/250\/2022\/08\/not-pictured.jpg\" alt=\"Silhouette of a person on a white background.\" class=\"wp-image-795 size-full\" srcset=\"https:\/\/www.tarleton.edu\/glsp\/wp-content\/uploads\/sites\/250\/2022\/08\/not-pictured.jpg 700w, https:\/\/www.tarleton.edu\/glsp\/wp-content\/uploads\/sites\/250\/2022\/08\/not-pictured-240x300.jpg 240w, https:\/\/www.tarleton.edu\/glsp\/wp-content\/uploads\/sites\/250\/2022\/08\/not-pictured-320x400.jpg 320w\" sizes=\"auto, (max-width: 700px) 100vw, 700px\" \/><\/figure><div class=\"wp-block-media-text__content\">\n<p>Instructor of General Studies<\/p>\n\n\n\n<p>Email:&nbsp;<a href=\"mailto:forman@tarleton.edu\">forman@tarleton.edu<\/a><\/p>\n\n\n\n<p>Phone:&nbsp;<a href=\"tel:+12549681653\">254-968-1653<\/a><\/p>\n\n\n\n<div style=\"height:20px\" aria-hidden=\"true\" class=\"wp-block-spacer\"><\/div>\n\n\n\n<div class=\"wp-block-advgb-button alignnone is-style-squared\"><a class=\"wp-block-advgb-button_link advgbbtn-a526a7dc-3dde-4c8c-8ad6-bf7a99cd4dbb\" href=\"https:\/\/www.tarleton.edu\/glsp\/wp-content\/uploads\/sites\/250\/2022\/08\/forman-cv-2020.pdf\" target=\"_self\" rel=\"noopener noreferrer\"><span>Curriculum Vitae<\/span><\/a><\/div>\n<\/div><\/div>\n\n\n\n<div style=\"height:20px\" aria-hidden=\"true\" class=\"wp-block-spacer\"><\/div>\n\n\n\n<div class=\"wp-block-advgb-accordions advgb-accordion-wrapper\" data-collapsed=\"true\">\n<div class=\"wp-block-advgb-accordion-item advgb-accordion-item\" style=\"margin-bottom:15px\"><div class=\"advgb-accordion-header\" style=\"background-color:#4f2d7f;color:#eee;border-style:solid;border-width:1px;border-radius:2px\"><span class=\"advgb-accordion-header-icon\"><svg fill=\"#fff\" xmlns=\"http:\/\/www.w3.org\/2000\/svg\" width=\"24\" height=\"24\" viewBox=\"0 0 24 24\"><path fill=\"none\" d=\"M0,0h24v24H0V0z\"><\/path><path d=\"M13,7h-2v4H7v2h4v4h2v-4h4v-2h-4V7z M12,2C6.48,2,2,6.48,2,12s4.48,10,10,10s10-4.48,10-10S17.52,2,12,2z M12,20 c-4.41,0-8-3.59-8-8s3.59-8,8-8s8,3.59,8,8S16.41,20,12,20z\"><\/path><\/svg><\/span><h4 class=\"advgb-accordion-header-title\" style=\"color:inherit\">Courses Taught<\/h4><\/div><div class=\"advgb-accordion-body\" style=\"border-style:solid !important;border-width:1px !important;border-color:undefined !important;border-top:none !important;border-radius:2px !important\">\n<ul class=\"wp-block-list\"><li>PHIL 1301: Introduction to Philosophy<\/li><li>GSTU 3398: General Studies Career Skills<\/li><li>GSTU 4398: General Studies Capstone<\/li><\/ul>\n<\/div><\/div>\n\n\n\n<div class=\"wp-block-advgb-accordion-item advgb-accordion-item\" style=\"margin-bottom:15px\"><div class=\"advgb-accordion-header\" style=\"background-color:#4f2d7f;color:#eee;border-style:solid;border-width:1px;border-radius:2px\"><span class=\"advgb-accordion-header-icon\"><svg fill=\"#fff\" xmlns=\"http:\/\/www.w3.org\/2000\/svg\" width=\"24\" height=\"24\" viewBox=\"0 0 24 24\"><path fill=\"none\" d=\"M0,0h24v24H0V0z\"><\/path><path d=\"M13,7h-2v4H7v2h4v4h2v-4h4v-2h-4V7z M12,2C6.48,2,2,6.48,2,12s4.48,10,10,10s10-4.48,10-10S17.52,2,12,2z M12,20 c-4.41,0-8-3.59-8-8s3.59-8,8-8s8,3.59,8,8S16.41,20,12,20z\"><\/path><\/svg><\/span><h4 class=\"advgb-accordion-header-title\" style=\"color:inherit\">Publications<\/h4><\/div><div class=\"advgb-accordion-body\" style=\"border-style:solid !important;border-width:1px !important;border-color:undefined !important;border-top:none !important;border-radius:2px !important\">\n<ul class=\"wp-block-list\"><li>\u201c\u2018A Vague, Invarious Delight\u2019: Ezra Pound\u2019s \u2018Middle-Aging Care\u2019 and Bernard Hart\u2019s Psychology of the Complex,\u201d&nbsp;<em>Literature of the Americas<\/em>, no. 7, 2019.<\/li><li>\u201c\u2018Mandate of Eros\u2019: The Disease of Love in Eliot, Pound, and British Psychology,\u201d&nbsp;<em>Contemporary Studies in Modernism<\/em>, no. 12, 2018.<\/li><li>\u201cMenippean Satire and Carnivalism in Ezra Pound\u2019s \u2018Pisan Canto 74,\u2019\u201d&nbsp;<em>Ezra Pound and the Spanish World<\/em>, Clemson University Press, forthcoming.<\/li><li>\u201cEzra Pound,\u201d&nbsp;<em>Twentieth-Century and Contemporary American Literature in Context<\/em>, ABC-CLIO, forthcoming.<\/li><li>\u201cMarianne Moore,\u201d&nbsp;<em>Twentieth-Century and Contemporary American Literature in Context<\/em>, ABC-CLIO, forthcoming.<\/li><li>\u201cGertrude Stein,\u201d&nbsp;<em>Twentieth-Century and Contemporary American Literature in Context<\/em>, ABC-CLIO, forthcoming.<\/li><li>\u201cWilliam Carlos Williams,\u201d&nbsp;<em>Twentieth-Century and Contemporary American Literature in Context<\/em>, ABC-CLIO, forthcoming.<\/li><\/ul>\n\n\n\n<h3 class=\"wp-block-heading\">Selected Poetry<\/h3>\n\n\n\n<ul class=\"wp-block-list\"><li>\u201cUncle Sam, The Repo Man,\u201d&nbsp;<em>Ezra\u2019s Book<\/em>, Clemson University Press, 2019.&nbsp;<\/li><li>\u201cGold Rush,\u201d&nbsp;<em>Ezra\u2019s Book<\/em>, Clemson University Press, 2019.<\/li><li>\u201cThe Americaniad,\u201d&nbsp;<em>Ezra\u2019s Book<\/em>, Clemson University Press, 2019.<\/li><li>\u201cWe Are Singing the West,\u201d&nbsp;<em>The Common Language Project Anthology<\/em>, The Writer\u2019s Garret, 2018.<\/li><li>\u201cThe Catlin Staircase, Smithsonian American Art Museum,\u201d&nbsp;<em>The Ekphrastic Review<\/em>, 2018.<\/li><li>\u201cThe Legend of Indigo Jones,\u201d&nbsp;<em>Borderlands: Texas Poetry Review<\/em>, 47, 2018.&nbsp;<\/li><li>\u201cRed River Snagging,\u201d&nbsp;<em>Borderlands: Texas Poetry Review<\/em>, 47, 2018.<\/li><li>\u201cPaper Money,\u201d&nbsp;<em>A Packet of Poems for Ezra Pound<\/em>, Clemson University Press, 2017.<\/li><li>&nbsp;\u201cRace and a Rebel,\u201d&nbsp;<em>A Packet of Poems for Ezra Pound<\/em>, Clemson University Press, 2017.<\/li><li>\u201cThe Americaniad.\u201d&nbsp;<em>White Rock Zine Machine<\/em>, vol. 3, 2017.<\/li><li>\u201cPeleus.\u201d&nbsp;<em>Ramify: The Journal of the Braniff Graduate School of Liberal Arts<\/em>, vol. 6, no. 1, 2017.<\/li><li>\u201cPaper Money,\u201d&nbsp;<em>Make It New<\/em>, vol. 2, no. 2, 2015.<\/li><li>\u201cThe Exchange, January 1923.\u201d&nbsp;<em>Ramify:<\/em>&nbsp;<em>The Journal of the Braniff Graduate School of Liberal Arts<\/em>, vol. 5, no. 1, p. 35, 2014.<\/li><\/ul>\n\n\n\n<h3 class=\"wp-block-heading\">Selected Book Reviews<\/h3>\n\n\n\n<ul class=\"wp-block-list\"><li>Review of&nbsp;<em>View from the Stork Building: Chinese Variations<\/em>, by Joe Survant,&nbsp;<em>Make It New<\/em>, vol. 6, no. 1, forthcoming.<\/li><li>Review of&nbsp;<em>The Art of Looking: How to Read Modern and Contemporary Art<\/em>, by Lance Esplund.&nbsp;<em>Make It New<\/em>, vol. 5, no. 1, 2019.<\/li><li>Review of&nbsp;<em>The Humility of the Brutes: Poems<\/em>, by Ron Smith.&nbsp;<em>Deep South Magazine<\/em>, April 2018.<\/li><li>Review of&nbsp;<em>For the Common Good: A New History of Higher Education in America<\/em>, by Charles Dorn.&nbsp;<em>Make It New<\/em>, vol. 4, no. 4, 2018.<\/li><li>Review of&nbsp;<em>Pagan Virtue in a Christian World: Sigismondo Malatesta and the Italian Renaissance<\/em>, by Anthony F. D\u2019Elia.&nbsp;<em>Make It New<\/em>, vol. 3, no. 4, 2017.<\/li><li>Review of&nbsp;<em>The Duke\u2019s Assassin: Exile and Death of Lorenzino de Medici<\/em>, by Stefano Dall\u2019Aglio.&nbsp;<em>Make It New<\/em>, vol. 3, no. 3, 2017.<\/li><li>Review of&nbsp;<em>America\u2019s Bank: The Epic Struggle to Create the Federal Reserve<\/em>, by Roger Lowenstein.&nbsp;<em>Make It New<\/em>, vol. 2, no. 4, 2016.<\/li><\/ul>\n\n\n\n<h3 class=\"wp-block-heading\">Selected Presentations and Invited Talks<\/h3>\n\n\n\n<ul class=\"wp-block-list\"><li>2019&nbsp;\u201cTexas Poetry.\u201d&nbsp;<em>The World is Bare Now: Nature and Human Flourishing<\/em>, Braniff Conference in the Liberal Arts, University of Dallas, Dallas, Texas.&nbsp;<\/li><li>2018&nbsp;\u201cModernist Poetry and Modern Psychology.\u201d University of New Orleans Ezra Pound Center for Literature, Brunnenburg Castle Museum, Dorf Tirol, Italy.&nbsp;<\/li><li>2020 \u201cThe Sweet New Friendship of Dante and Cavalcanti in&nbsp;<em>La Vita Nuova<\/em>,\u201d&nbsp;<em>The Art of Spiritual Friendship<\/em>. Southwest Conference on Christianity and Literature, Dallas Baptist University, Dallas, TX.&nbsp;<\/li><li>2019&nbsp;\u201cThe Rhetoric of Solitude: Antithesis in John Donne\u2019s&nbsp;<em>Devotions Upon Emergent Occasions<\/em>.\u201d&nbsp;<em>The Christian Storyteller<\/em>. Southwest Conference on Christianity and Literature, University of Dallas, Dallas, TX.&nbsp;<\/li><li>2019&nbsp;\u201c\u2018Las Cosas M\u00e1s Necias y Tambi\u00e9n Las M\u00e1s Sublimes\u2019: Satire and Insanity in Cervantes, Gald\u00f3s, and Pound.\u201d&nbsp;<em>Ezra Pound and the Spanish World<\/em>. Ezra Pound International Conference, University of Salamanca, Salamanca, Spain.&nbsp;<\/li><li>2019&nbsp;\u201c\u2018Love Torturing Itself to Emotion\u2019: Portraits of Hysteria in Eliot and Wagner.\u201d&nbsp;<em>The Image and the Word: Interactions between American Literature, Media, Visual Arts and Film<\/em>. Spanish Association for American Studies, Salamanca, Spain.&nbsp;<\/li><li>2019&nbsp;\u201cOpen Educational Resources and Opening Doors for Tarleton Students.\u201d 16<sup>th<\/sup>&nbsp;Annual Excellence in Teaching Conference, Tarleton State University, Stephenville, TX.&nbsp;<\/li><li>2017&nbsp;\u201cAmerican Prophet, Texas Poet: The Legend of Townes Van Zandt\u2019s \u2018Pancho and Lefty.\u2019\u201d&nbsp;<em>Seminar on Bob Dylan and Poetic Song Verse<\/em>. Association of Literary Scholars, Critics and Writers, University of Dallas, Dallas, TX.&nbsp;<\/li><li>2017&nbsp;\u201c\u2018Mandate of Eros\u2019: Erotic Love in&nbsp;<em>Hugh Selwyn Mauberley<\/em>.\u201d&nbsp;<em>Ezra Pound, Philadelphia Genius, and Modern American Poetry<\/em>. Ezra Pound International Conference, University of Pennsylvania, Philadelphia. PA.&nbsp;<\/li><li>2017&nbsp;\u201cThe Non-Action of Rest: A Rhetorical Analysis of Michael Faraday\u2019s&nbsp;<em>Experimental Researches in Electricity<\/em>.\u201d&nbsp;<em>Bridging Divides, Crossing Borders, Community Building: Core Texts, Liberal Arts, College and the Human Voice<\/em>. Association for Core Texts and Courses Annual Conference, Austin College, Dallas, TX.&nbsp;<\/li><li>2016&nbsp;\u201cThe Rhetoric of Virtue: Persuasion and Law in Aristotle\u2019s&nbsp;<em>Nicomachean Ethics<\/em>.\u201d&nbsp;<em>Tradition, Renewal: Continuity and Change in Core Text, Liberal Arts Programs<\/em>. Association for Core Texts and Courses Annual Conference, Oglethorpe University, Atlanta, GA.&nbsp;<\/li><li>2015&nbsp;\u201c\u2018Those Written Records Pure\u2019: Liberty and Doctrine in Milton\u2019s&nbsp;<em>Paradise Regained<\/em>.\u201d&nbsp;<em>Christianity and Culture: The Interaction of Faith and Literature through the Ages<\/em>. Southwest Conference on Christianity and Literature, University of Mary Hardin-Baylor, Belton, TX.&nbsp;<\/li><li>2015&nbsp;\u201cA \u2018Mind Leaping Like Dolphins\u2019: Ezra Pound and the Psychology of Pierre Janet.\u201d&nbsp;<em>Ezra Pound and the Green World<\/em>. Ezra Pound International Conference, Brunnenburg Castle Museum, Dorf Tirol, Italy.&nbsp;<\/li><li>2015 \u201c\u2018Frankness as Never Before\u2019: Ezra Pound\u2019s Enigmatic Regard for Liberty and Totalitarianism.\u201d Louisville Conference on Literature and Culture Since 1900, University of Louisville, Louisville, KY.<\/li><\/ul>\n<\/div><\/div>\n\n\n\n<div class=\"wp-block-advgb-accordion-item advgb-accordion-item\" style=\"margin-bottom:15px\"><div class=\"advgb-accordion-header\" style=\"background-color:#4f2d7f;color:#eee;border-style:solid;border-width:1px;border-radius:2px\"><span class=\"advgb-accordion-header-icon\"><svg fill=\"#fff\" xmlns=\"http:\/\/www.w3.org\/2000\/svg\" width=\"24\" height=\"24\" viewBox=\"0 0 24 24\"><path fill=\"none\" d=\"M0,0h24v24H0V0z\"><\/path><path d=\"M13,7h-2v4H7v2h4v4h2v-4h4v-2h-4V7z M12,2C6.48,2,2,6.48,2,12s4.48,10,10,10s10-4.48,10-10S17.52,2,12,2z M12,20 c-4.41,0-8-3.59-8-8s3.59-8,8-8s8,3.59,8,8S16.41,20,12,20z\"><\/path><\/svg><\/span><h4 class=\"advgb-accordion-header-title\" style=\"color:inherit\">Scholarly Activities<\/h4><\/div><div class=\"advgb-accordion-body\" style=\"border-style:solid !important;border-width:1px !important;border-color:undefined !important;border-top:none !important;border-radius:2px !important\">\n<h3 class=\"wp-block-heading\">Selected Awards and Grants<\/h3>\n\n\n\n<ul class=\"wp-block-list\"><li>2019&nbsp;Finalist: \u201cAppalachia Sown,\u201d Julia Darling Memorial Poetry Prize, Kallisto Gaia Press.&nbsp;<\/li><li>2019&nbsp;Faculty Development Grant, Center for Instructional Innovation, Tarleton State University&nbsp;<\/li><li>2018&nbsp;Hayek Fund for Scholars, Institute for Humane Studies, George Mason University&nbsp;<\/li><li>2014&nbsp;Professional Development Grant, Toyota Alumni Fund, Kentucky Governor\u2019s School for the Arts&nbsp;<\/li><li>2013&nbsp;Hayek Fund for Scholars, Institute for Humane Studies, George Mason University<\/li><\/ul>\n<\/div><\/div>\n\n\n\n<div class=\"wp-block-advgb-accordion-item advgb-accordion-item\" style=\"margin-bottom:15px\"><div class=\"advgb-accordion-header\" style=\"background-color:#4f2d7f;color:#eee;border-style:solid;border-width:1px;border-radius:2px\"><span class=\"advgb-accordion-header-icon\"><svg fill=\"#fff\" xmlns=\"http:\/\/www.w3.org\/2000\/svg\" width=\"24\" height=\"24\" viewBox=\"0 0 24 24\"><path fill=\"none\" d=\"M0,0h24v24H0V0z\"><\/path><path d=\"M13,7h-2v4H7v2h4v4h2v-4h4v-2h-4V7z M12,2C6.48,2,2,6.48,2,12s4.48,10,10,10s10-4.48,10-10S17.52,2,12,2z M12,20 c-4.41,0-8-3.59-8-8s3.59-8,8-8s8,3.59,8,8S16.41,20,12,20z\"><\/path><\/svg><\/span><h4 class=\"advgb-accordion-header-title\" style=\"color:inherit\">Professional Affiliations<\/h4><\/div><div class=\"advgb-accordion-body\" style=\"border-style:solid !important;border-width:1px !important;border-color:undefined !important;border-top:none !important;border-radius:2px !important\">\n<ul class=\"wp-block-list\"><li>Association for Literary Scholars, Critics and Writers&nbsp;<\/li><li>Modern Language Association&nbsp;<\/li><li>European Association for American Studies&nbsp;<\/li><li>Spanish Association for American Studies&nbsp;<\/li><li>Kenneth Burke Society&nbsp;<\/li><li>Ezra Pound Society&nbsp;<\/li><li>Texas Poetry Society<\/li><li>National Federation of State Poetry Societies<\/li><\/ul>\n<\/div><\/div>\n\n\n\n<div class=\"wp-block-advgb-accordion-item advgb-accordion-item\" style=\"margin-bottom:15px\"><div class=\"advgb-accordion-header\" style=\"background-color:#4f2d7f;color:#eee;border-style:solid;border-width:1px;border-radius:2px\"><span class=\"advgb-accordion-header-icon\"><svg fill=\"#fff\" xmlns=\"http:\/\/www.w3.org\/2000\/svg\" width=\"24\" height=\"24\" viewBox=\"0 0 24 24\"><path fill=\"none\" d=\"M0,0h24v24H0V0z\"><\/path><path d=\"M13,7h-2v4H7v2h4v4h2v-4h4v-2h-4V7z M12,2C6.48,2,2,6.48,2,12s4.48,10,10,10s10-4.48,10-10S17.52,2,12,2z M12,20 c-4.41,0-8-3.59-8-8s3.59-8,8-8s8,3.59,8,8S16.41,20,12,20z\"><\/path><\/svg><\/span><h4 class=\"advgb-accordion-header-title\" style=\"color:inherit\">Degrees<\/h4><\/div><div class=\"advgb-accordion-body\" style=\"border-style:solid !important;border-width:1px !important;border-color:undefined !important;border-top:none !important;border-radius:2px !important\">\n<ul class=\"wp-block-list\"><li>Ph.D. (cum laude) in Philology, Linguistics, and Literature, University of Salamanca, 2020.<\/li><li>Ph.D. (with distinction) in Literature, University of Dallas, 2017.<\/li><li>M.A. in English, University of Dallas, 2015.<\/li><li>B.A. (faculty academic excellence award) in Liberal Arts, St. John&#8217;s College, 2012.<\/li><\/ul>\n<\/div><\/div>\n<\/div>\n<style class=\"advgb-styles-renderer\">.advgbbtn-a526a7dc-3dde-4c8c-8ad6-bf7a99cd4dbb{font-size:18px;color:#fff !important;background-color:#4f2d7f !important;margin:0px 0px 0px 0px !important;padding:10px 30px 10px 30px;border-width:1px !important;border-style:none;border-radius:50px !important;}.advgbbtn-a526a7dc-3dde-4c8c-8ad6-bf7a99cd4dbb:hover{box-shadow:1px 1px 12px 0px #ccc;opacity:1;transition:all 0.2s ease;}.advgbbtn-a526a7dc-3dde-4c8c-8ad6-bf7a99cd4dbb > i {font-size:30px;color:inherit;float:left;margin-right:7px;}.advgbbtn-a526a7dc-3dde-4c8c-8ad6-bf7a99cd4dbb{font-size:18px;color:#fff !important;background-color:#4f2d7f !important;margin:0px 0px 0px 0px !important;padding:10px 30px 10px 30px;border-width:1px !important;border-style:none;border-radius:50px !important;}.advgbbtn-a526a7dc-3dde-4c8c-8ad6-bf7a99cd4dbb:hover{box-shadow:1px 1px 12px 0px #ccc;opacity:1;transition:all 0.2s ease;}.advgbbtn-a526a7dc-3dde-4c8c-8ad6-bf7a99cd4dbb > i {font-size:30px;color:inherit;float:left;margin-right:7px;}<\/style>","protected":false},"excerpt":{"rendered":"","protected":false},"author":28,"featured_media":580,"parent":0,"menu_order":0,"comment_status":"closed","ping_status":"closed","template":"template-fullwidth.php","meta":{"_acf_changed":false,"inline_featured_image":false,"advgb_blocks_editor_width":"","advgb_blocks_columns_visual_guide":"","footnotes":""},"class_list":["post-939","page","type-page","status-publish","has-post-thumbnail","hentry"],"acf":[],"coauthors":[],"author_meta":{"author_link":"https:\/\/www.tarleton.edu\/glsp\/author\/","display_name":""},"relative_dates":{"created":"Posted 4 years ago","modified":"Updated 4 years ago"},"absolute_dates":{"created":"Posted on August 26, 2022","modified":"Updated on October 4, 2022"},"absolute_dates_time":{"created":"Posted on August 26, 2022 9:46 pm","modified":"Updated on October 4, 2022 9:31 pm"},"featured_img_caption":"","featured_img":false,"series_order":"","_links":{"self":[{"href":"https:\/\/www.tarleton.edu\/glsp\/wp-json\/wp\/v2\/pages\/939","targetHints":{"allow":["GET"]}}],"collection":[{"href":"https:\/\/www.tarleton.edu\/glsp\/wp-json\/wp\/v2\/pages"}],"about":[{"href":"https:\/\/www.tarleton.edu\/glsp\/wp-json\/wp\/v2\/types\/page"}],"author":[{"embeddable":true,"href":"https:\/\/www.tarleton.edu\/glsp\/wp-json\/wp\/v2\/users\/28"}],"replies":[{"embeddable":true,"href":"https:\/\/www.tarleton.edu\/glsp\/wp-json\/wp\/v2\/comments?post=939"}],"version-history":[{"count":0,"href":"https:\/\/www.tarleton.edu\/glsp\/wp-json\/wp\/v2\/pages\/939\/revisions"}],"wp:featuredmedia":[{"embeddable":true,"href":"https:\/\/www.tarleton.edu\/glsp\/wp-json\/"}],"wp:attachment":[{"href":"https:\/\/www.tarleton.edu\/glsp\/wp-json\/wp\/v2\/media?parent=939"}],"curies":[{"name":"wp","href":"https:\/\/api.w.org\/{rel}","templated":true}]}}