{"id":1967,"date":"2022-07-29T00:26:49","date_gmt":"2022-07-29T00:26:49","guid":{"rendered":"https:\/\/web.tarleton.edu\/cob\/?page_id=1967"},"modified":"2023-06-26T18:02:50","modified_gmt":"2023-06-26T18:02:50","slug":"spanish","status":"publish","type":"page","link":"https:\/\/www.tarleton.edu\/cob\/spanish\/","title":{"rendered":"\u00a1Bienvenidos!"},"content":{"rendered":"\n<h1 class=\"wp-block-heading advgb-dyn-42824803\">\u00a1Bienvenidos!<\/h1>\n\n\n\n<p class=\"has-black-color has-text-color\">Antes que nada, gracias por considerar la Facultad de Negocios de la Universidad Estatal de Tarleton, que adem\u00e1s es parte del sistema de universidades de Texas A&amp;M. Tomando en cuenta que tienes varias opciones para seguir con tu educaci\u00f3n, te invitamos a que explores nuestros diferentes departamentos, programas de estudio, nuestra facultad\/personal, as\u00ed como tambi\u00e9n los eventos exclusivos para nuestros estudiantes. Para m\u00e1s informaci\u00f3n te invitamos a navegar nuestra p\u00e1gina de Internet. Una vez que sepas m\u00e1s sobre nosotros, sin duda alguna decidir\u00e1s unirte a nuestra universidad.<\/p>\n\n\n\n<div class=\"wp-block-columns is-layout-flex wp-container-core-columns-is-layout-9d6595d7 wp-block-columns-is-layout-flex\">\n<div class=\"wp-block-column is-layout-flow wp-block-column-is-layout-flow\" style=\"flex-basis:100%\">\n<figure class=\"wp-block-embed is-type-video is-provider-youtube wp-block-embed-youtube wp-embed-aspect-16-9 wp-has-aspect-ratio\"><div class=\"wp-block-embed__wrapper\">\n<iframe loading=\"lazy\" title=\"College of Business: AACSB Announcement (Spanish)\" width=\"800\" height=\"450\" src=\"https:\/\/www.youtube.com\/embed\/ktsTqB8oUG8?feature=oembed\" frameborder=\"0\" allow=\"accelerometer; autoplay; clipboard-write; encrypted-media; gyroscope; picture-in-picture; web-share\" allowfullscreen><\/iframe>\n<\/div><\/figure>\n<\/div>\n<\/div>\n\n\n\n<div class=\"wp-block-columns is-layout-flex wp-container-core-columns-is-layout-9d6595d7 wp-block-columns-is-layout-flex\">\n<div class=\"wp-block-column is-layout-flow wp-block-column-is-layout-flow\" style=\"flex-basis:100%\">\n<div class=\"wp-block-group is-layout-flow wp-block-group-is-layout-flow advgb-dyn-0fab3886\">\n<h2 class=\"wp-block-heading advgb-dyn-070ffb0f\">Aplica a Tarleton<\/h2>\n\n\n\n<p class=\"has-black-color has-text-color advgb-dyn-3b0f780e\" id=\"tw-target-text\">\u00bfHas decidido continuar tus estudios en Tarleton? Felicidades, haz hecho una gran elecci\u00f3n. El pr\u00f3ximo paso es seleccionar tu \u00e1rea de inter\u00e9s, ya sea en un t\u00edtulo a nivel licenciatura o de posgrado.<\/p>\n\n\n\n<div class=\"wp-block-columns is-layout-flex wp-container-core-columns-is-layout-9d6595d7 wp-block-columns-is-layout-flex\">\n<div class=\"wp-block-column is-layout-flow wp-block-column-is-layout-flow\">\n<div class=\"wp-block-advgb-button alignfull is-style-squared\"><a class=\"wp-block-advgb-button_link advgbbtn-0860ecb1-1c4a-42e7-94c7-a42e621d47f0\" href=\"https:\/\/www.tarleton.edu\/admissions\/\" target=\"_blank\" rel=\"noopener noreferrer\"><span><strong>Licenciatura<\/strong><\/span><\/a><\/div>\n<\/div>\n\n\n\n<div class=\"wp-block-column is-layout-flow wp-block-column-is-layout-flow\">\n<div class=\"wp-block-advgb-button alignfull is-style-squared\"><a class=\"wp-block-advgb-button_link advgbbtn-69ade84c-2a55-452f-bb43-48071693f88e\" href=\"https:\/\/www.tarleton.edu\/graduate\/future\/masters\/\" target=\"_blank\" rel=\"noopener noreferrer\"><span><strong>Posgrado<\/strong><\/span><\/a><\/div>\n<\/div>\n<\/div>\n\n\n\n<h2 class=\"wp-block-heading advgb-dyn-8563746f\">Costo de estudios universitarios<\/h2>\n\n\n\n<p class=\"has-black-color has-text-color advgb-dyn-21ccf89f\">Como bien se sabe, los costos universitarios pueden ser altos. Pero es importante considerar que hay muchas opciones para costear los gastos como se describe a continuaci\u00f3n. Dos fuentes de financiamiento son las becas\/subsidios y la ayuda financiera. Te invitamos a completar las formas de FAFSA\/TASFA, examinar posibles solicitudes de becas y llenar formularios de ayuda financiera para as\u00ed determinar con exactitud como es que te podemos ayudar. Si lo necesitas, te podemos apoyar en tu b\u00fasqueda.<\/p>\n\n\n\n<div class=\"wp-block-columns is-layout-flex wp-container-core-columns-is-layout-9d6595d7 wp-block-columns-is-layout-flex\">\n<div class=\"wp-block-column is-layout-flow wp-block-column-is-layout-flow\">\n<div class=\"wp-block-advgb-button alignfull is-style-squared\"><a class=\"wp-block-advgb-button_link advgbbtn-a09ec66e-799b-4106-930a-89fc003b77e3\" href=\"https:\/\/www.tarleton.edu\/finaid\/apply\/\" target=\"_blank\" rel=\"noopener noreferrer\"><span><strong>TASFA<\/strong><\/span><\/a><\/div>\n<\/div>\n\n\n\n<div class=\"wp-block-column is-layout-flow wp-block-column-is-layout-flow\">\n<div class=\"wp-block-advgb-button alignfull is-style-squared\"><a class=\"wp-block-advgb-button_link advgbbtn-eb6a342c-0bb3-4b89-8cf7-511d0abc6977\" href=\"https:\/\/www.tarleton.edu\/scholarships\/how-to-apply\/\" target=\"_blank\" rel=\"noopener noreferrer\"><span><strong>Solicitudes de Becas<\/strong><\/span><\/a><\/div>\n<\/div>\n\n\n\n<div class=\"wp-block-column is-layout-flow wp-block-column-is-layout-flow\">\n<div class=\"wp-block-advgb-button alignfull is-style-squared\"><a class=\"wp-block-advgb-button_link advgbbtn-c281ed3c-7eef-4695-9227-798115a23557\" href=\"https:\/\/www.tarleton.edu\/finaid\/\" target=\"_blank\" rel=\"noopener noreferrer\"><span><strong>Ayuda Financiera<\/strong><\/span><\/a><\/div>\n<\/div>\n<\/div>\n\n\n\n<p class=\"has-black-color has-text-color advgb-dyn-287059f7\">Es muy importante que te involucres con las actividades que constantemente se planean en la universidad ya que esto te ayuda a relacionarte con otros estudiantes, creando un grupo de apoyo durante y despu\u00e9s de tu graduaci\u00f3n. Adem\u00e1s de la Organizaci\u00f3n de Estudiantes Latinoamericanos que ayuda a la vinculaci\u00f3n continua, tambi\u00e9n hay una serie de organizaciones de estudiantes de otras disciplinas especificas dentro de la Facultad de Negocios que siempre est\u00e1n dispuestos a recibir a nuestros nuevos estudiantes.<\/p>\n\n\n\n<ul class=\"wp-block-list\">\n<li><a href=\"https:\/\/tarleton.campuslabs.com\/engage\/organization\/olas\" target=\"_blank\" rel=\"noreferrer noopener\">Organizaci\u00f3n de estudiantes latinoamericanos<\/a><\/li>\n\n\n\n<li><a href=\"https:\/\/www.tarleton.edu\/cob\/student-services-and-resources\/student-organizations\/\" target=\"_blank\" rel=\"noreferrer noopener\">Otras organizaciones estudiantiles en la Facultad de Negocios<\/a><\/li>\n<\/ul>\n<\/div>\n<\/div>\n<\/div>\n<style class=\"advgb-styles-renderer\">.advgbbtn-0860ecb1-1c4a-42e7-94c7-a42e621d47f0{font-size:18px;color:#fff !important;background-color:#4f2d7f !important;margin:0px 0px 0px 0px !important;padding:10px 30px 10px 30px;border-width:1px !important;border-style:none;border-radius:50px !important;}.advgbbtn-0860ecb1-1c4a-42e7-94c7-a42e621d47f0:hover{box-shadow:1px 1px 12px 0px #ccc;opacity:1;transition:all 0.2s ease;}.advgbbtn-0860ecb1-1c4a-42e7-94c7-a42e621d47f0 > i {font-size:30px;color:inherit;float:left;margin-right:7px;}.advgbbtn-0860ecb1-1c4a-42e7-94c7-a42e621d47f0{font-size:18px;color:#fff !important;background-color:#4f2d7f !important;margin:0px 0px 0px 0px !important;padding:10px 30px 10px 30px;border-width:1px !important;border-style:none;border-radius:50px !important;}.advgbbtn-0860ecb1-1c4a-42e7-94c7-a42e621d47f0:hover{box-shadow:1px 1px 12px 0px #ccc;opacity:1;transition:all 0.2s ease;}.advgbbtn-0860ecb1-1c4a-42e7-94c7-a42e621d47f0 > i {font-size:30px;color:inherit;float:left;margin-right:7px;}.advgbbtn-69ade84c-2a55-452f-bb43-48071693f88e{font-size:18px;color:#fff !important;background-color:#4f2d7f !important;margin:0px 0px 0px 0px !important;padding:10px 30px 10px 30px;border-width:1px !important;border-style:none;border-radius:50px !important;}.advgbbtn-69ade84c-2a55-452f-bb43-48071693f88e:hover{box-shadow:1px 1px 12px 0px #ccc;opacity:1;transition:all 0.2s ease;}.advgbbtn-69ade84c-2a55-452f-bb43-48071693f88e > i {font-size:30px;color:inherit;float:left;margin-right:7px;}.advgbbtn-69ade84c-2a55-452f-bb43-48071693f88e{font-size:18px;color:#fff !important;background-color:#4f2d7f !important;margin:0px 0px 0px 0px !important;padding:10px 30px 10px 30px;border-width:1px !important;border-style:none;border-radius:50px !important;}.advgbbtn-69ade84c-2a55-452f-bb43-48071693f88e:hover{box-shadow:1px 1px 12px 0px #ccc;opacity:1;transition:all 0.2s ease;}.advgbbtn-69ade84c-2a55-452f-bb43-48071693f88e > i {font-size:30px;color:inherit;float:left;margin-right:7px;}.advgbbtn-0860ecb1-1c4a-42e7-94c7-a42e621d47f0{font-size:18px;color:#fff !important;background-color:#4f2d7f !important;margin:0px 0px 0px 0px !important;padding:10px 30px 10px 30px;border-width:1px !important;border-style:none;border-radius:50px !important;}.advgbbtn-0860ecb1-1c4a-42e7-94c7-a42e621d47f0:hover{box-shadow:1px 1px 12px 0px #ccc;opacity:1;transition:all 0.2s ease;}.advgbbtn-0860ecb1-1c4a-42e7-94c7-a42e621d47f0 > i {font-size:30px;color:inherit;float:left;margin-right:7px;}.advgbbtn-69ade84c-2a55-452f-bb43-48071693f88e{font-size:18px;color:#fff !important;background-color:#4f2d7f !important;margin:0px 0px 0px 0px !important;padding:10px 30px 10px 30px;border-width:1px !important;border-style:none;border-radius:50px !important;}.advgbbtn-69ade84c-2a55-452f-bb43-48071693f88e:hover{box-shadow:1px 1px 12px 0px #ccc;opacity:1;transition:all 0.2s ease;}.advgbbtn-69ade84c-2a55-452f-bb43-48071693f88e > i {font-size:30px;color:inherit;float:left;margin-right:7px;}.advgbbtn-a09ec66e-799b-4106-930a-89fc003b77e3{font-size:18px;color:#fff !important;background-color:#4f2d7f !important;margin:0px 0px 0px 0px !important;padding:10px 30px 10px 30px;border-width:1px !important;border-style:none;border-radius:50px !important;}.advgbbtn-a09ec66e-799b-4106-930a-89fc003b77e3:hover{box-shadow:1px 1px 12px 0px #ccc;opacity:1;transition:all 0.2s ease;}.advgbbtn-a09ec66e-799b-4106-930a-89fc003b77e3 > i {font-size:30px;color:inherit;float:left;margin-right:7px;}.advgbbtn-a09ec66e-799b-4106-930a-89fc003b77e3{font-size:18px;color:#fff !important;background-color:#4f2d7f !important;margin:0px 0px 0px 0px !important;padding:10px 30px 10px 30px;border-width:1px !important;border-style:none;border-radius:50px !important;}.advgbbtn-a09ec66e-799b-4106-930a-89fc003b77e3:hover{box-shadow:1px 1px 12px 0px #ccc;opacity:1;transition:all 0.2s ease;}.advgbbtn-a09ec66e-799b-4106-930a-89fc003b77e3 > i {font-size:30px;color:inherit;float:left;margin-right:7px;}.advgbbtn-eb6a342c-0bb3-4b89-8cf7-511d0abc6977{font-size:18px;color:#fff !important;background-color:#4f2d7f !important;margin:0px 0px 0px 0px !important;padding:10px 30px 10px 30px;border-width:1px !important;border-style:none;border-radius:50px !important;}.advgbbtn-eb6a342c-0bb3-4b89-8cf7-511d0abc6977:hover{box-shadow:1px 1px 12px 0px #ccc;opacity:1;transition:all 0.2s ease;}.advgbbtn-eb6a342c-0bb3-4b89-8cf7-511d0abc6977 > i {font-size:30px;color:inherit;float:left;margin-right:7px;}.advgbbtn-eb6a342c-0bb3-4b89-8cf7-511d0abc6977{font-size:18px;color:#fff !important;background-color:#4f2d7f !important;margin:0px 0px 0px 0px !important;padding:10px 30px 10px 30px;border-width:1px !important;border-style:none;border-radius:50px !important;}.advgbbtn-eb6a342c-0bb3-4b89-8cf7-511d0abc6977:hover{box-shadow:1px 1px 12px 0px #ccc;opacity:1;transition:all 0.2s ease;}.advgbbtn-eb6a342c-0bb3-4b89-8cf7-511d0abc6977 > i {font-size:30px;color:inherit;float:left;margin-right:7px;}.advgbbtn-c281ed3c-7eef-4695-9227-798115a23557{font-size:18px;color:#fff !important;background-color:#4f2d7f !important;margin:0px 0px 0px 0px !important;padding:10px 30px 10px 30px;border-width:1px !important;border-style:none;border-radius:50px !important;}.advgbbtn-c281ed3c-7eef-4695-9227-798115a23557:hover{box-shadow:1px 1px 12px 0px #ccc;opacity:1;transition:all 0.2s ease;}.advgbbtn-c281ed3c-7eef-4695-9227-798115a23557 > i {font-size:30px;color:inherit;float:left;margin-right:7px;}.advgbbtn-c281ed3c-7eef-4695-9227-798115a23557{font-size:18px;color:#fff !important;background-color:#4f2d7f !important;margin:0px 0px 0px 0px !important;padding:10px 30px 10px 30px;border-width:1px !important;border-style:none;border-radius:50px !important;}.advgbbtn-c281ed3c-7eef-4695-9227-798115a23557:hover{box-shadow:1px 1px 12px 0px #ccc;opacity:1;transition:all 0.2s ease;}.advgbbtn-c281ed3c-7eef-4695-9227-798115a23557 > i {font-size:30px;color:inherit;float:left;margin-right:7px;}.advgbbtn-a09ec66e-799b-4106-930a-89fc003b77e3{font-size:18px;color:#fff !important;background-color:#4f2d7f !important;margin:0px 0px 0px 0px !important;padding:10px 30px 10px 30px;border-width:1px !important;border-style:none;border-radius:50px !important;}.advgbbtn-a09ec66e-799b-4106-930a-89fc003b77e3:hover{box-shadow:1px 1px 12px 0px #ccc;opacity:1;transition:all 0.2s ease;}.advgbbtn-a09ec66e-799b-4106-930a-89fc003b77e3 > i {font-size:30px;color:inherit;float:left;margin-right:7px;}.advgbbtn-eb6a342c-0bb3-4b89-8cf7-511d0abc6977{font-size:18px;color:#fff !important;background-color:#4f2d7f !important;margin:0px 0px 0px 0px !important;padding:10px 30px 10px 30px;border-width:1px !important;border-style:none;border-radius:50px !important;}.advgbbtn-eb6a342c-0bb3-4b89-8cf7-511d0abc6977:hover{box-shadow:1px 1px 12px 0px #ccc;opacity:1;transition:all 0.2s ease;}.advgbbtn-eb6a342c-0bb3-4b89-8cf7-511d0abc6977 > i {font-size:30px;color:inherit;float:left;margin-right:7px;}.advgbbtn-c281ed3c-7eef-4695-9227-798115a23557{font-size:18px;color:#fff !important;background-color:#4f2d7f !important;margin:0px 0px 0px 0px !important;padding:10px 30px 10px 30px;border-width:1px !important;border-style:none;border-radius:50px !important;}.advgbbtn-c281ed3c-7eef-4695-9227-798115a23557:hover{box-shadow:1px 1px 12px 0px #ccc;opacity:1;transition:all 0.2s ease;}.advgbbtn-c281ed3c-7eef-4695-9227-798115a23557 > i {font-size:30px;color:inherit;float:left;margin-right:7px;}.advgbbtn-0860ecb1-1c4a-42e7-94c7-a42e621d47f0{font-size:18px;color:#fff !important;background-color:#4f2d7f !important;margin:0px 0px 0px 0px !important;padding:10px 30px 10px 30px;border-width:1px !important;border-style:none;border-radius:50px !important;}.advgbbtn-0860ecb1-1c4a-42e7-94c7-a42e621d47f0:hover{box-shadow:1px 1px 12px 0px #ccc;opacity:1;transition:all 0.2s ease;}.advgbbtn-0860ecb1-1c4a-42e7-94c7-a42e621d47f0 > i {font-size:30px;color:inherit;float:left;margin-right:7px;}.advgbbtn-69ade84c-2a55-452f-bb43-48071693f88e{font-size:18px;color:#fff !important;background-color:#4f2d7f !important;margin:0px 0px 0px 0px !important;padding:10px 30px 10px 30px;border-width:1px !important;border-style:none;border-radius:50px !important;}.advgbbtn-69ade84c-2a55-452f-bb43-48071693f88e:hover{box-shadow:1px 1px 12px 0px #ccc;opacity:1;transition:all 0.2s ease;}.advgbbtn-69ade84c-2a55-452f-bb43-48071693f88e > i {font-size:30px;color:inherit;float:left;margin-right:7px;}.advgbbtn-a09ec66e-799b-4106-930a-89fc003b77e3{font-size:18px;color:#fff !important;background-color:#4f2d7f !important;margin:0px 0px 0px 0px !important;padding:10px 30px 10px 30px;border-width:1px !important;border-style:none;border-radius:50px !important;}.advgbbtn-a09ec66e-799b-4106-930a-89fc003b77e3:hover{box-shadow:1px 1px 12px 0px #ccc;opacity:1;transition:all 0.2s ease;}.advgbbtn-a09ec66e-799b-4106-930a-89fc003b77e3 > i {font-size:30px;color:inherit;float:left;margin-right:7px;}.advgbbtn-eb6a342c-0bb3-4b89-8cf7-511d0abc6977{font-size:18px;color:#fff !important;background-color:#4f2d7f !important;margin:0px 0px 0px 0px !important;padding:10px 30px 10px 30px;border-width:1px !important;border-style:none;border-radius:50px !important;}.advgbbtn-eb6a342c-0bb3-4b89-8cf7-511d0abc6977:hover{box-shadow:1px 1px 12px 0px #ccc;opacity:1;transition:all 0.2s ease;}.advgbbtn-eb6a342c-0bb3-4b89-8cf7-511d0abc6977 > i {font-size:30px;color:inherit;float:left;margin-right:7px;}.advgbbtn-c281ed3c-7eef-4695-9227-798115a23557{font-size:18px;color:#fff !important;background-color:#4f2d7f !important;margin:0px 0px 0px 0px !important;padding:10px 30px 10px 30px;border-width:1px !important;border-style:none;border-radius:50px !important;}.advgbbtn-c281ed3c-7eef-4695-9227-798115a23557:hover{box-shadow:1px 1px 12px 0px #ccc;opacity:1;transition:all 0.2s ease;}.advgbbtn-c281ed3c-7eef-4695-9227-798115a23557 > i {font-size:30px;color:inherit;float:left;margin-right:7px;}.advgbbtn-0860ecb1-1c4a-42e7-94c7-a42e621d47f0{font-size:18px;color:#fff !important;background-color:#4f2d7f !important;margin:0px 0px 0px 0px !important;padding:10px 30px 10px 30px;border-width:1px !important;border-style:none;border-radius:50px !important;}.advgbbtn-0860ecb1-1c4a-42e7-94c7-a42e621d47f0:hover{box-shadow:1px 1px 12px 0px #ccc;opacity:1;transition:all 0.2s ease;}.advgbbtn-0860ecb1-1c4a-42e7-94c7-a42e621d47f0 > i {font-size:30px;color:inherit;float:left;margin-right:7px;}.advgbbtn-69ade84c-2a55-452f-bb43-48071693f88e{font-size:18px;color:#fff !important;background-color:#4f2d7f !important;margin:0px 0px 0px 0px !important;padding:10px 30px 10px 30px;border-width:1px !important;border-style:none;border-radius:50px !important;}.advgbbtn-69ade84c-2a55-452f-bb43-48071693f88e:hover{box-shadow:1px 1px 12px 0px #ccc;opacity:1;transition:all 0.2s ease;}.advgbbtn-69ade84c-2a55-452f-bb43-48071693f88e > i {font-size:30px;color:inherit;float:left;margin-right:7px;}.advgbbtn-a09ec66e-799b-4106-930a-89fc003b77e3{font-size:18px;color:#fff !important;background-color:#4f2d7f !important;margin:0px 0px 0px 0px !important;padding:10px 30px 10px 30px;border-width:1px !important;border-style:none;border-radius:50px !important;}.advgbbtn-a09ec66e-799b-4106-930a-89fc003b77e3:hover{box-shadow:1px 1px 12px 0px #ccc;opacity:1;transition:all 0.2s ease;}.advgbbtn-a09ec66e-799b-4106-930a-89fc003b77e3 > i {font-size:30px;color:inherit;float:left;margin-right:7px;}.advgbbtn-eb6a342c-0bb3-4b89-8cf7-511d0abc6977{font-size:18px;color:#fff !important;background-color:#4f2d7f !important;margin:0px 0px 0px 0px !important;padding:10px 30px 10px 30px;border-width:1px !important;border-style:none;border-radius:50px !important;}.advgbbtn-eb6a342c-0bb3-4b89-8cf7-511d0abc6977:hover{box-shadow:1px 1px 12px 0px #ccc;opacity:1;transition:all 0.2s ease;}.advgbbtn-eb6a342c-0bb3-4b89-8cf7-511d0abc6977 > i {font-size:30px;color:inherit;float:left;margin-right:7px;}.advgbbtn-c281ed3c-7eef-4695-9227-798115a23557{font-size:18px;color:#fff !important;background-color:#4f2d7f !important;margin:0px 0px 0px 0px !important;padding:10px 30px 10px 30px;border-width:1px !important;border-style:none;border-radius:50px !important;}.advgbbtn-c281ed3c-7eef-4695-9227-798115a23557:hover{box-shadow:1px 1px 12px 0px #ccc;opacity:1;transition:all 0.2s ease;}.advgbbtn-c281ed3c-7eef-4695-9227-798115a23557 > i {font-size:30px;color:inherit;float:left;margin-right:7px;}.advgbbtn-0860ecb1-1c4a-42e7-94c7-a42e621d47f0{font-size:18px;color:#fff !important;background-color:#4f2d7f !important;margin:0px 0px 0px 0px !important;padding:10px 30px 10px 30px;border-width:1px !important;border-style:none;border-radius:50px !important;}.advgbbtn-0860ecb1-1c4a-42e7-94c7-a42e621d47f0:hover{box-shadow:1px 1px 12px 0px #ccc;opacity:1;transition:all 0.2s ease;}.advgbbtn-0860ecb1-1c4a-42e7-94c7-a42e621d47f0 > i {font-size:30px;color:inherit;float:left;margin-right:7px;}.advgbbtn-69ade84c-2a55-452f-bb43-48071693f88e{font-size:18px;color:#fff !important;background-color:#4f2d7f !important;margin:0px 0px 0px 0px !important;padding:10px 30px 10px 30px;border-width:1px !important;border-style:none;border-radius:50px !important;}.advgbbtn-69ade84c-2a55-452f-bb43-48071693f88e:hover{box-shadow:1px 1px 12px 0px #ccc;opacity:1;transition:all 0.2s ease;}.advgbbtn-69ade84c-2a55-452f-bb43-48071693f88e > i {font-size:30px;color:inherit;float:left;margin-right:7px;}.advgbbtn-a09ec66e-799b-4106-930a-89fc003b77e3{font-size:18px;color:#fff !important;background-color:#4f2d7f !important;margin:0px 0px 0px 0px !important;padding:10px 30px 10px 30px;border-width:1px !important;border-style:none;border-radius:50px !important;}.advgbbtn-a09ec66e-799b-4106-930a-89fc003b77e3:hover{box-shadow:1px 1px 12px 0px #ccc;opacity:1;transition:all 0.2s ease;}.advgbbtn-a09ec66e-799b-4106-930a-89fc003b77e3 > i {font-size:30px;color:inherit;float:left;margin-right:7px;}.advgbbtn-eb6a342c-0bb3-4b89-8cf7-511d0abc6977{font-size:18px;color:#fff !important;background-color:#4f2d7f !important;margin:0px 0px 0px 0px !important;padding:10px 30px 10px 30px;border-width:1px !important;border-style:none;border-radius:50px !important;}.advgbbtn-eb6a342c-0bb3-4b89-8cf7-511d0abc6977:hover{box-shadow:1px 1px 12px 0px #ccc;opacity:1;transition:all 0.2s ease;}.advgbbtn-eb6a342c-0bb3-4b89-8cf7-511d0abc6977 > i {font-size:30px;color:inherit;float:left;margin-right:7px;}.advgbbtn-c281ed3c-7eef-4695-9227-798115a23557{font-size:18px;color:#fff !important;background-color:#4f2d7f !important;margin:0px 0px 0px 0px !important;padding:10px 30px 10px 30px;border-width:1px !important;border-style:none;border-radius:50px !important;}.advgbbtn-c281ed3c-7eef-4695-9227-798115a23557:hover{box-shadow:1px 1px 12px 0px #ccc;opacity:1;transition:all 0.2s ease;}.advgbbtn-c281ed3c-7eef-4695-9227-798115a23557 > i {font-size:30px;color:inherit;float:left;margin-right:7px;}<\/style>","protected":false},"excerpt":{"rendered":"<p>\u00a1Bienvenidos! Antes que nada, gracias por considerar la Facultad de Negocios de la Universidad Estatal de Tarleton, que adem\u00e1s es parte del sistema de universidades de Texas A&amp;M. Tomando en &#8230;<\/p>\n","protected":false},"author":93,"featured_media":580,"parent":0,"menu_order":0,"comment_status":"closed","ping_status":"closed","template":"template-fullwidth.php","meta":{"_acf_changed":false,"inline_featured_image":false,"advgb_blocks_editor_width":"","advgb_blocks_columns_visual_guide":"","footnotes":""},"class_list":["post-1967","page","type-page","status-publish","has-post-thumbnail","hentry"],"acf":[],"coauthors":[],"author_meta":{"author_link":"https:\/\/www.tarleton.edu\/cob\/author\/schuessler-2-2-2-2-2-2-2-2-2-2-2-2-2-2-2-2-2-2-2-2\/","display_name":"schuessler"},"relative_dates":{"created":"Posted 4 years ago","modified":"Updated 3 years ago"},"absolute_dates":{"created":"Posted on July 29, 2022","modified":"Updated on June 26, 2023"},"absolute_dates_time":{"created":"Posted on July 29, 2022 12:26 am","modified":"Updated on June 26, 2023 6:02 pm"},"featured_img_caption":"","featured_img":false,"series_order":"","_links":{"self":[{"href":"https:\/\/www.tarleton.edu\/cob\/wp-json\/wp\/v2\/pages\/1967","targetHints":{"allow":["GET"]}}],"collection":[{"href":"https:\/\/www.tarleton.edu\/cob\/wp-json\/wp\/v2\/pages"}],"about":[{"href":"https:\/\/www.tarleton.edu\/cob\/wp-json\/wp\/v2\/types\/page"}],"author":[{"embeddable":true,"href":"https:\/\/www.tarleton.edu\/cob\/wp-json\/wp\/v2\/users\/93"}],"replies":[{"embeddable":true,"href":"https:\/\/www.tarleton.edu\/cob\/wp-json\/wp\/v2\/comments?post=1967"}],"version-history":[{"count":0,"href":"https:\/\/www.tarleton.edu\/cob\/wp-json\/wp\/v2\/pages\/1967\/revisions"}],"wp:featuredmedia":[{"embeddable":true,"href":"https:\/\/www.tarleton.edu\/cob\/wp-json\/"}],"wp:attachment":[{"href":"https:\/\/www.tarleton.edu\/cob\/wp-json\/wp\/v2\/media?parent=1967"}],"curies":[{"name":"wp","href":"https:\/\/api.w.org\/{rel}","templated":true}]}}